{"id":4008,"date":"2025-11-05T11:00:49","date_gmt":"2025-11-05T11:00:49","guid":{"rendered":"https:\/\/poduridedor.uslr.md\/?page_id=4008"},"modified":"2025-12-20T14:35:55","modified_gmt":"2025-12-20T14:35:55","slug":"regasirea-puterii-interioare-cu-niculina-gheorghita","status":"publish","type":"page","link":"https:\/\/poduridedor.uslr.md\/?page_id=4008","title":{"rendered":"REG\u0102SIREA PUTERII INTERIOARE cu Niculina GHEORGHI\u021a\u0102"},"content":{"rendered":"<p><img loading=\"lazy\" decoding=\"async\" class=\"alignleft wp-image-3968 size-full\" src=\"http:\/\/poduridedor.uslr.md\/wp-content\/uploads\/2020\/03\/10339741_778522368839385_8893181096206878682_n-1-e1762341850725.jpg\" alt=\"\" width=\"401\" height=\"600\" \/><\/p>\n<p style=\"text-align: left;\"><span style=\"color: #ff00ff;\"><em>FERICIREA&#8230;<\/em><\/span><\/p>\n<p style=\"text-align: left;\"><span style=\"color: #ff00ff;\"><em>este o stare iluzorie de neatins sau o art\u0103 a cotidianului? Ne asum\u0103m integral linia de destin sau o asemenea responsabilizare dep\u0103\u0219e\u0219te posibilit\u0103\u021bile condi\u021biei umane? Cine este creatorul vie\u021bii noastre \u0219i cum reu\u0219im s\u0103 tr\u0103im s\u0103n\u0103to\u0219i, frumo\u0219i, \u00een pace interioar\u0103, echilibru, iubire, bucurie, armonie, \u00eemplinire, bog\u0103\u021bie?<\/em><\/span><\/p>\n<p style=\"text-align: right;\"><span style=\"color: #ff00ff;\"><em>\u00cen aceast\u0103 complex\u0103 cale de autocunoa\u0219tere, vindecare \u0219i apropiere de varianta noastr\u0103 cea mai bun\u0103, ne ghideaz\u0103 cu m\u0103iestrie, Dr. Niculina Gheorghi\u021b\u0103, \u00een noua sa rubric\u0103 &#8211; \u201eReg\u0103sirea puterii interioare\u201d. Autoarea face parte din Colegiul Redac\u021bional de Onoare al Revistei multimedia a USLR \u201ePoduri de Dor\u201d, condus de Acad. Mihai Cimpoi.\u00a0 \u00a0 \u00a0 \u00a0 \u00a0 \u00a0 \u00a0 \u00a0 \u00a0 \u00a0 \u00a0 \u00a0 \u00a0 \u00a0 \u00a0 \u00a0 \u00a0 \u00a0 \u00a0 \u00a0 \u00a0 \u00a0 \u00a0 \u00a0 \u00a0 \u00a0 \u00a0 \u00a0 \u00a0 \u00a0 \u00a0 \u00a0 \u00a0 \u00a0 \u00a0 \u00a0 \u00a0 \u00a0 \u00a0 \u00a0 \u00a0 \u00a0 \u00a0 \u00a0 \u00a0 \u00a0 \u00a0 \u00a0 \u00a0 \u00a0 \u00a0 \u00a0 \u00a0 \u00a0 \u00a0 \u00a0 \u00a0 \u00a0 \u00a0 \u00a0 \u00a0 \u00a0 \u00a0 \u00a0 \u00a0 \u00a0 \u00a0 \u00a0 \u00a0 \u00a0 \u00a0 \u00a0 \u00a0 \u00a0 \u00a0 \u00a0 \u00a0 \u00a0 \u00a0 \u00a0 \u00a0 \u00a0 \u00a0 \u00a0 \u00a0 \u00a0 \u00a0 Echipa<\/em><\/span><\/p>\n\n\n<hr class=\"wp-block-separator aligncenter has-alpha-channel-opacity\"\/>\n\n\n<h4><a href=\"https:\/\/poduridedor.uslr.md\/?p=3965\" data-wp-editing=\"1\"><img loading=\"lazy\" decoding=\"async\" class=\"alignleft wp-image-4005 size-thumbnail\" src=\"http:\/\/poduridedor.uslr.md\/wp-content\/uploads\/2025\/11\/autoare-150x150.jpg\" alt=\"\" width=\"150\" height=\"150\" srcset=\"https:\/\/poduridedor.uslr.md\/wp-content\/uploads\/2025\/11\/autoare-150x150.jpg 150w, https:\/\/poduridedor.uslr.md\/wp-content\/uploads\/2025\/11\/autoare-100x100.jpg 100w\" sizes=\"auto, (max-width: 150px) 100vw, 150px\" \/><\/a><a href=\"https:\/\/poduridedor.uslr.md\/?p=3965\">Discern\u0103m\u00e2ntul \u2013 ingredientul unei vie\u021bi \u00eemplinite<\/a><\/h4>\n<p>\u00a0<\/p>","protected":false},"excerpt":{"rendered":"<p>FERICIREA&#8230; este o stare iluzorie de neatins sau o art\u0103 a cotidianului? Ne asum\u0103m integral linia de destin sau o[&#8230;]<\/p>\n","protected":false},"author":1,"featured_media":0,"parent":92,"menu_order":0,"comment_status":"open","ping_status":"closed","template":"","meta":{"om_disable_all_campaigns":false,"_monsterinsights_skip_tracking":false,"_monsterinsights_sitenote_active":false,"_monsterinsights_sitenote_note":"","_monsterinsights_sitenote_category":0,"footnotes":""},"class_list":["post-4008","page","type-page","status-publish","hentry"],"aioseo_notices":[],"_links":{"self":[{"href":"https:\/\/poduridedor.uslr.md\/index.php?rest_route=\/wp\/v2\/pages\/4008","targetHints":{"allow":["GET"]}}],"collection":[{"href":"https:\/\/poduridedor.uslr.md\/index.php?rest_route=\/wp\/v2\/pages"}],"about":[{"href":"https:\/\/poduridedor.uslr.md\/index.php?rest_route=\/wp\/v2\/types\/page"}],"author":[{"embeddable":true,"href":"https:\/\/poduridedor.uslr.md\/index.php?rest_route=\/wp\/v2\/users\/1"}],"replies":[{"embeddable":true,"href":"https:\/\/poduridedor.uslr.md\/index.php?rest_route=%2Fwp%2Fv2%2Fcomments&post=4008"}],"version-history":[{"count":19,"href":"https:\/\/poduridedor.uslr.md\/index.php?rest_route=\/wp\/v2\/pages\/4008\/revisions"}],"predecessor-version":[{"id":5271,"href":"https:\/\/poduridedor.uslr.md\/index.php?rest_route=\/wp\/v2\/pages\/4008\/revisions\/5271"}],"up":[{"embeddable":true,"href":"https:\/\/poduridedor.uslr.md\/index.php?rest_route=\/wp\/v2\/pages\/92"}],"wp:attachment":[{"href":"https:\/\/poduridedor.uslr.md\/index.php?rest_route=%2Fwp%2Fv2%2Fmedia&parent=4008"}],"curies":[{"name":"wp","href":"https:\/\/api.w.org\/{rel}","templated":true}]}}