{"id":1295,"date":"2020-03-10T10:02:45","date_gmt":"2020-03-10T10:02:45","guid":{"rendered":"http:\/\/poduridedor.uslr.md\/\/?page_id=1295"},"modified":"2026-03-06T17:27:19","modified_gmt":"2026-03-06T17:27:19","slug":"proza","status":"publish","type":"page","link":"https:\/\/poduridedor.uslr.md\/?page_id=1295","title":{"rendered":"Proz\u0103"},"content":{"rendered":"<h3 data-path-to-node=\"2\">\ud83d\udcda Proz\u0103 de Rodica FERCANA pe site-ul nostru:<\/h3>\n<ul data-path-to-node=\"3\">\n<li>\n<p data-path-to-node=\"3,0,0\">\u2744\ufe0f <b data-path-to-node=\"3,0,0\" data-index-in-node=\"3\"><a class=\"ng-star-inserted\" href=\"https:\/\/poduridedor.uslr.md\/?p=4580\" target=\"_blank\" rel=\"noopener\" data-hveid=\"0\" data-ved=\"0CAAQ_4QMahcKEwj7tK690ouTAxUAAAAAHQAAAAAQaQ\">\u00cen Siberii de ghea\u021b\u0103<\/a><\/b> \u2013 Fragment din roman memorialistic-istoric<\/p>\n<hr data-path-to-node=\"5\" \/>\n<\/li>\n<\/ul>\n<h3 data-path-to-node=\"3\">\ud83d\udcd6 Nuvele de Nicolae GREJDIERU pe site-ul nostru:<\/h3>\n<ul>\n<li data-path-to-node=\"4,0,0\"><a href=\"https:\/\/poduridedor.uslr.md\/?p=5464\"><b data-path-to-node=\"4,0,0\" data-index-in-node=\"3\">\u2696\ufe0f Ho\u021bul \u00een lege<\/b><\/a> \u2013 Nuvel\u0103 poli\u021bist\u0103<\/li>\n<li data-path-to-node=\"4,1,0\"><a href=\"https:\/\/poduridedor.uslr.md\/?p=5273\"><b data-path-to-node=\"4,1,0\" data-index-in-node=\"3\">\ud83c\udf33 Anica<\/b><\/a>\u00a0\u2013 Dram\u0103 \u0219i destin<\/li>\n<li data-path-to-node=\"4,2,0\"><a href=\"https:\/\/poduridedor.uslr.md\/?p=4238\"><b data-path-to-node=\"4,2,0\" data-index-in-node=\"4\">\ud83c\udfdb\ufe0f Volo\u0219anca<\/b><\/a> \u2013 Nuvel\u0103 istoric\u0103<\/li>\n<li data-path-to-node=\"4,3,0\"><a href=\"https:\/\/poduridedor.uslr.md\/?p=5204\"><b data-path-to-node=\"4,3,0\" data-index-in-node=\"3\">\ud83d\udc04 Ho\u021bii de vite<\/b><\/a> \u2013 Justi\u021bie \u0219i perspicacitate<\/li>\n<li data-path-to-node=\"4,4,0\"><a href=\"https:\/\/poduridedor.uslr.md\/?p=4175\"><b data-path-to-node=\"4,4,0\" data-index-in-node=\"3\">\ud83d\ude81 Elicopterul<\/b> <\/a>\u2013 Ac\u021biune \u0219i suspans<\/li>\n<li data-path-to-node=\"4,5,0\"><a href=\"https:\/\/poduridedor.uslr.md\/?p=4191\"><b data-path-to-node=\"4,5,0\" data-index-in-node=\"3\">\ud83d\udc76 Minorul fugar<\/b><\/a> \u2013 O poveste de via\u021b\u0103<\/li>\n<li data-path-to-node=\"4,6,0\"><a href=\"https:\/\/poduridedor.uslr.md\/?p=4730\"><b data-path-to-node=\"4,6,0\" data-index-in-node=\"3\">\ud83d\udc13 G\u0103inarul<\/b><\/a> \u2013 Nuvel\u0103 de moravuri<\/li>\n<li data-path-to-node=\"4,7,0\"><a href=\"https:\/\/poduridedor.uslr.md\/?p=4437\"><b data-path-to-node=\"4,7,0\" data-index-in-node=\"3\">\u26b1\ufe0fOlarul<\/b><\/a> \u2013 Tradi\u021bie \u0219i me\u0219te\u0219ug<\/li>\n<li data-path-to-node=\"4,8,0\"><a href=\"https:\/\/poduridedor.uslr.md\/?p=4522\"><b data-path-to-node=\"4,8,0\" data-index-in-node=\"3\">\ud83d\udca7 F\u00e2nt\u00e2narul<\/b><\/a> \u2013 Simbolism \u0219i via\u021b\u0103<\/li>\n<li data-path-to-node=\"4,9,0\"><strong><a href=\"https:\/\/poduridedor.uslr.md\/?p=4561\">\ud83d\udd6f\ufe0f Zile de doliu<\/a><\/strong> \u2013 Nuvel\u0103 umoristic\u0103<\/li>\n<li data-path-to-node=\"4,10,0\"><a href=\"https:\/\/poduridedor.uslr.md\/?p=4785\"><b data-path-to-node=\"4,10,0\" data-index-in-node=\"3\">\ud83c\udfe0 Vecinele<\/b><\/a> \u2013 Via\u021ba cotidian\u0103<\/li>\n<li data-path-to-node=\"4,10,0\"><a href=\"https:\/\/poduridedor.uslr.md\/?p=5336\"><b data-path-to-node=\"2,11,0\" data-index-in-node=\"4\">\ud83d\udd75\ufe0f Poli\u021bistul \u0219i fluierul<\/b><\/a> \u2013 Din culisele profesiei<\/li>\n<li data-path-to-node=\"4,10,0\"><a href=\"https:\/\/poduridedor.uslr.md\/?p=5322\"><b data-path-to-node=\"2,12,0\" data-index-in-node=\"3\">\ud83d\udd0d Omorul din zorii zilei<\/b><\/a> \u2013 Mister \u0219i investiga\u021bie<\/li>\n<\/ul>\n<hr data-path-to-node=\"4\" \/>\n<h3 data-path-to-node=\"5\">\ud83d\udcac Dialog cu cititorii<\/h3>\n<p data-path-to-node=\"6\">Ne-ar face mare pl\u0103cere s\u0103 afl\u0103m impresiile tale!<\/p>\n<ul data-path-to-node=\"7\">\n<li>\n<p data-path-to-node=\"7,0,0\"><b data-path-to-node=\"7,0,0\" data-index-in-node=\"0\">Care dintre aceste lucr\u0103ri \u021bi-a r\u0103mas cel mai aproape de suflet?<\/b><\/p>\n<\/li>\n<li>\n<p data-path-to-node=\"7,1,0\"><b data-path-to-node=\"7,1,0\" data-index-in-node=\"0\">Ce teme abordate \u00een proza de pe site rezoneaz\u0103 cel mai mult cu experien\u021ba ta de via\u021b\u0103?<\/b><\/p>\n<\/li>\n<\/ul>\n<p data-path-to-node=\"8\"><b data-path-to-node=\"8\" data-index-in-node=\"0\">Las\u0103 un comentariu mai jos!<\/b> Fiecare g\u00e2nd al t\u0103u este o punte de leg\u0103tur\u0103 \u00eentre scriitor \u0219i comunitatea noastr\u0103. \ud83d\udc47<\/p>\n","protected":false},"excerpt":{"rendered":"<p>\ud83d\udcda Proz\u0103 de Rodica FERCANA pe site-ul nostru: \u2744\ufe0f \u00cen Siberii de ghea\u021b\u0103 \u2013 Fragment din roman memorialistic-istoric \ud83d\udcd6 Nuvele[&#8230;]<\/p>\n","protected":false},"author":1,"featured_media":0,"parent":0,"menu_order":0,"comment_status":"closed","ping_status":"closed","template":"","meta":{"om_disable_all_campaigns":false,"_monsterinsights_skip_tracking":false,"_monsterinsights_sitenote_active":false,"_monsterinsights_sitenote_note":"","_monsterinsights_sitenote_category":0,"footnotes":""},"class_list":["post-1295","page","type-page","status-publish","hentry"],"aioseo_notices":[],"_links":{"self":[{"href":"https:\/\/poduridedor.uslr.md\/index.php?rest_route=\/wp\/v2\/pages\/1295","targetHints":{"allow":["GET"]}}],"collection":[{"href":"https:\/\/poduridedor.uslr.md\/index.php?rest_route=\/wp\/v2\/pages"}],"about":[{"href":"https:\/\/poduridedor.uslr.md\/index.php?rest_route=\/wp\/v2\/types\/page"}],"author":[{"embeddable":true,"href":"https:\/\/poduridedor.uslr.md\/index.php?rest_route=\/wp\/v2\/users\/1"}],"replies":[{"embeddable":true,"href":"https:\/\/poduridedor.uslr.md\/index.php?rest_route=%2Fwp%2Fv2%2Fcomments&post=1295"}],"version-history":[{"count":52,"href":"https:\/\/poduridedor.uslr.md\/index.php?rest_route=\/wp\/v2\/pages\/1295\/revisions"}],"predecessor-version":[{"id":5650,"href":"https:\/\/poduridedor.uslr.md\/index.php?rest_route=\/wp\/v2\/pages\/1295\/revisions\/5650"}],"wp:attachment":[{"href":"https:\/\/poduridedor.uslr.md\/index.php?rest_route=%2Fwp%2Fv2%2Fmedia&parent=1295"}],"curies":[{"name":"wp","href":"https:\/\/api.w.org\/{rel}","templated":true}]}}