{"id":1259,"date":"2020-03-06T07:02:53","date_gmt":"2020-03-06T07:02:53","guid":{"rendered":"http:\/\/poduridedor.uslr.md\/\/?page_id=1259"},"modified":"2020-06-03T23:40:17","modified_gmt":"2020-06-03T23:40:17","slug":"consideratii-publice","status":"publish","type":"page","link":"https:\/\/poduridedor.uslr.md\/?page_id=1259","title":{"rendered":"CONSIDERA\u021aII CRITICE"},"content":{"rendered":"<h3><a href=\"http:\/\/poduridedor.uslr.md\/\/?p=3554\" target=\"_blank\" rel=\"noopener noreferrer\"><img loading=\"lazy\" decoding=\"async\" src=\"http:\/\/poduridedor.uslr.md\/\/wp-content\/uploads\/2020\/06\/Daniel-Ionita-_Portrait1-150x150.jpg\" alt=\"\" width=\"150\" height=\"150\" \/><\/a><strong><a style=\"color: #333399;\" href=\"http:\/\/poduridedor.uslr.md\/\/?p=3554\" target=\"_blank\" rel=\"noopener noreferrer\">Daniel IONI\u021a\u0102: CUM SE SCRIE POEZIE<\/a><\/strong><\/h3>\n<h3><a href=\"http:\/\/poduridedor.uslr.md\/\/?page_id=2427\"><img loading=\"lazy\" decoding=\"async\" src=\"http:\/\/poduridedor.uslr.md\/\/wp-content\/uploads\/2020\/04\/F\u0103r\u0103-titlu-150x150.jpg\" alt=\"\" width=\"150\" height=\"150\" \/><\/a><a style=\"color: #333399;\" href=\"http:\/\/poduridedor.uslr.md\/\/?page_id=2427\" target=\"_blank\" rel=\"noopener noreferrer\">Studiul DOAMNA RONDELULUI ROM\u00c2NESC de Nelly SAMBRI\u0218<\/a><\/h3>\n<h3><a href=\"http:\/\/poduridedor.uslr.md\/\/?page_id=1340\"><img loading=\"lazy\" decoding=\"async\" src=\"http:\/\/poduridedor.uslr.md\/\/wp-content\/uploads\/2020\/04\/87545789_2726355274137966_5643906297632915456_o.jpg-edit-150x150.jpg\" alt=\"\" width=\"150\" height=\"150\" \/><\/a><a href=\"http:\/\/poduridedor.uslr.md\/\/?page_id=1340\">Iulian FILIP: AM RATAT O EXPEDI\u021aIE NEORDINAR\u0102 CU VICTOR CIRIPEI \u2013 CA S\u0102 \u00ceNCHEIEM O POLEMIC\u0102 DESPRE S\u0102LBATICI<\/a><\/h3>\n<h3 style=\"text-align: left;\"><a href=\"http:\/\/poduridedor.uslr.md\/\/?page_id=3273\"><img loading=\"lazy\" decoding=\"async\" src=\"http:\/\/poduridedor.uslr.md\/\/wp-content\/uploads\/2020\/05\/statuia-lui-Emin-150x150.jpg\" alt=\"\" width=\"150\" height=\"150\" \/><\/a><a style=\"color: #333399;\" href=\"http:\/\/poduridedor.uslr.md\/\/?page_id=3273\" target=\"_blank\" rel=\"noopener noreferrer\">Eseul EMINESCU \u0218I MAREA de Emil-Corneliu NINU<\/a><\/h3>\n<h3><a href=\"http:\/\/poduridedor.uslr.md\/\/?page_id=3309\"><img loading=\"lazy\" decoding=\"async\" src=\"http:\/\/poduridedor.uslr.md\/\/wp-content\/uploads\/2020\/05\/31956033_1822159674500777_3538931689013116928_n-1-150x150.jpg\" alt=\"\" width=\"150\" height=\"150\" \/><\/a><a style=\"color: #333399;\" href=\"http:\/\/poduridedor.uslr.md\/\/?page_id=3309\">Eseul LEC\u021aIA SCRISULUI-RESPIRA\u021aIE de Diana CIUGUREANU<\/a><\/h3>\n","protected":false},"excerpt":{"rendered":"<p>Daniel IONI\u021a\u0102: CUM SE SCRIE POEZIE Studiul DOAMNA RONDELULUI ROM\u00c2NESC de Nelly SAMBRI\u0218 Iulian FILIP: AM RATAT O EXPEDI\u021aIE NEORDINAR\u0102[&#8230;]<\/p>\n","protected":false},"author":1,"featured_media":0,"parent":0,"menu_order":0,"comment_status":"open","ping_status":"closed","template":"","meta":{"om_disable_all_campaigns":false,"_monsterinsights_skip_tracking":false,"_monsterinsights_sitenote_active":false,"_monsterinsights_sitenote_note":"","_monsterinsights_sitenote_category":0,"footnotes":""},"class_list":["post-1259","page","type-page","status-publish","hentry"],"aioseo_notices":[],"_links":{"self":[{"href":"https:\/\/poduridedor.uslr.md\/index.php?rest_route=\/wp\/v2\/pages\/1259","targetHints":{"allow":["GET"]}}],"collection":[{"href":"https:\/\/poduridedor.uslr.md\/index.php?rest_route=\/wp\/v2\/pages"}],"about":[{"href":"https:\/\/poduridedor.uslr.md\/index.php?rest_route=\/wp\/v2\/types\/page"}],"author":[{"embeddable":true,"href":"https:\/\/poduridedor.uslr.md\/index.php?rest_route=\/wp\/v2\/users\/1"}],"replies":[{"embeddable":true,"href":"https:\/\/poduridedor.uslr.md\/index.php?rest_route=%2Fwp%2Fv2%2Fcomments&post=1259"}],"version-history":[{"count":55,"href":"https:\/\/poduridedor.uslr.md\/index.php?rest_route=\/wp\/v2\/pages\/1259\/revisions"}],"predecessor-version":[{"id":3615,"href":"https:\/\/poduridedor.uslr.md\/index.php?rest_route=\/wp\/v2\/pages\/1259\/revisions\/3615"}],"wp:attachment":[{"href":"https:\/\/poduridedor.uslr.md\/index.php?rest_route=%2Fwp%2Fv2%2Fmedia&parent=1259"}],"curies":[{"name":"wp","href":"https:\/\/api.w.org\/{rel}","templated":true}]}}